{"id":529,"date":"2023-12-05T09:48:31","date_gmt":"2023-12-05T12:48:31","guid":{"rendered":"https:\/\/g4sistemas.com.br\/?page_id=529"},"modified":"2024-07-03T11:22:01","modified_gmt":"2024-07-03T14:22:01","slug":"utilitarios","status":"publish","type":"page","link":"https:\/\/g4sistemas.com.br\/index.php\/utilitarios\/","title":{"rendered":"Servi\u00e7os"},"content":{"rendered":"<p><!DOCTYPE html><br \/>\n<html lang=\"pt-br\"><br \/>\n<head><br \/>\n<meta charset=\"UTF-8\"><br \/>\n<meta name=\"viewport\" content=\"width=device-width, initial-scale=1.0\"><br \/>\n<title>Par\u00e1grafo com estilo<\/title>\n<link rel=\"stylesheet\" href=\"https:\/\/cdnjs.cloudflare.com\/ajax\/libs\/font-awesome\/5.15.4\/css\/all.min.css\"> <!-- Adiciona o Font Awesome --><\/p>\n<style> \n.paragrafo { \n    background-color: #5F4C0B;\n    border-radius: 10px; \n    padding: 20px; \n    box-shadow: 0 4px 10px rgba(0, 0, 0, 0.1); \n    margin-bottom: 20px; \/* Adiciona espa\u00e7o entre as divs *\/\n    color: white; \/* Define a cor do texto como branco *\/\n    max-width: 600px; \/* Define a largura m\u00e1xima do par\u00e1grafo *\/\n    text-align: left;\n}<\/p>\n<p>.custom-badge {\n    position: absolute; \/* Define a posi\u00e7\u00e3o absoluta *\/\n    top: 0; \/* Alinha o topo do badge com o topo do par\u00e1grafo *\/\n    left: 0; \/* Alinha a esquerda do badge com a esquerda do par\u00e1grafo *\/\n    background-color: red; \/* Cor de exemplo para o badge *\/\n    padding: 5px; \/* Ajusta o espa\u00e7amento interno do badge *\/\n    border-radius: 5px; \/* Adiciona bordas arredondadas ao badge *\/\n}<\/p>\n<p>.container {\n    margin: 20px auto; \/* Margem externa autom\u00e1tica e 20px nas laterais *\/\n    padding: 10px;\n    text-align: center; \/* Alinha o conte\u00fado ao centro *\/\n}<\/p>\n<p>.icon {\n    margin-right: 5px; \/* Adiciona espa\u00e7o entre o \u00edcone e o texto *\/\n    color: white; \/* Define a cor do \u00edcone como branco *\/\n}<\/p>\n<\/style>\n<p><\/head><br \/>\n<body><\/p>\n<div class=\"container\">\n<div class=\"paragrafo\" style=\"background-color: #0B3B17;\">\n        <span class=\"badge custom-badge\">Nota Fiscal para Produtor Rural<\/span><br \/>\n        <i class=\"fa fa-shopping-basket icon\"><\/i><a href=\"https:\/\/g4sistemas.com.br\/index.php\/nf-e-para-produtor-rural\/\" title=\"\">Servi\u00e7o de emiss\u00e3o de nota fiscal para produtor rural<\/a>\n    <\/div>\n<div class=\"container\">\n<div class=\"paragrafo\" style=\"background-color: #5F4C0B;\">\n        <span class=\"badge custom-badge\">controle simples, apenas digita\u00e7\u00e3o e impress\u00e3o<\/span><br \/>\n        <i class=\"fa fa-shopping-basket icon\"><\/i><a href=\"https:\/\/g4sistemas.com.br\/wp-content\/carga.html\" title=\"\">Planilha para cargas de caixas de produtores rurais<\/a>\n    <\/div>\n<div class=\"paragrafo\" style=\"background-color: #380B61;\">\n        <span class=\"badge custom-badge\">controle para gerenciar custos de manuten\u00e7\u00e3o de ve\u00edculos<\/span><br \/>\n        <i class=\"fa fa-bus icon\"><\/i><a href=\"https:\/\/g4sistemas.com.br\/wp-content\/frota\/index.php\">Controle de Manuten\u00e7\u00e3o de Frotas<\/a>\n    <\/div>\n<div class=\"paragrafo\" style=\"background-color: #2E2E2E;\">\n        <span class=\"badge custom-badge\">controle para gerenciar custos de etapas de uma obra<\/span><br \/>\n        <i class=\"fas fa-home icon\"><\/i><a href=\"https:\/\/g4sistemas.com.br\/wp-content\/obras\/index.php\">Acompanhamento de custos e evolu\u00e7\u00e3o de Obras<\/a>\n    <\/div>\n<div class=\"paragrafo\" style=\"background-color: #0B243B;\">\n        <span class=\"badge custom-badge\">Agendamento de hor\u00e1rios<\/span><br \/>\n        <i class=\"fas fa-head-side-mask icon\"><\/i><a href=\"https:\/\/g4sistemas.com.br\/wp-content\/agendadodentista\/index.php\">Agenda do dentista &#8211; Demonstra\u00e7\u00e3o<\/a>\n    <\/div>\n<\/div>\n<p><\/body><br \/>\n<\/html><\/p>\n","protected":false},"excerpt":{"rendered":"<p>Par\u00e1grafo com estilo Nota Fiscal para Produtor Rural Servi\u00e7o de emiss\u00e3o de nota fiscal para produtor rural controle simples, apenas digita\u00e7\u00e3o e impress\u00e3o Planilha para cargas de caixas de produtores rurais controle para gerenciar custos de manuten\u00e7\u00e3o de ve\u00edculos Controle de Manuten\u00e7\u00e3o de Frotas controle para gerenciar custos de etapas de uma obra Acompanhamento de [&hellip;]<\/p>\n","protected":false},"author":1,"featured_media":0,"parent":0,"menu_order":0,"comment_status":"closed","ping_status":"closed","template":"","meta":{"om_disable_all_campaigns":false,"_monsterinsights_skip_tracking":false,"_monsterinsights_sitenote_active":false,"_monsterinsights_sitenote_note":"","_monsterinsights_sitenote_category":0,"footnotes":""},"class_list":["post-529","page","type-page","status-publish","hentry"],"aioseo_notices":[],"_links":{"self":[{"href":"https:\/\/g4sistemas.com.br\/index.php\/wp-json\/wp\/v2\/pages\/529","targetHints":{"allow":["GET"]}}],"collection":[{"href":"https:\/\/g4sistemas.com.br\/index.php\/wp-json\/wp\/v2\/pages"}],"about":[{"href":"https:\/\/g4sistemas.com.br\/index.php\/wp-json\/wp\/v2\/types\/page"}],"author":[{"embeddable":true,"href":"https:\/\/g4sistemas.com.br\/index.php\/wp-json\/wp\/v2\/users\/1"}],"replies":[{"embeddable":true,"href":"https:\/\/g4sistemas.com.br\/index.php\/wp-json\/wp\/v2\/comments?post=529"}],"version-history":[{"count":124,"href":"https:\/\/g4sistemas.com.br\/index.php\/wp-json\/wp\/v2\/pages\/529\/revisions"}],"predecessor-version":[{"id":769,"href":"https:\/\/g4sistemas.com.br\/index.php\/wp-json\/wp\/v2\/pages\/529\/revisions\/769"}],"wp:attachment":[{"href":"https:\/\/g4sistemas.com.br\/index.php\/wp-json\/wp\/v2\/media?parent=529"}],"curies":[{"name":"wp","href":"https:\/\/api.w.org\/{rel}","templated":true}]}}