{"id":481,"date":"2023-12-02T11:37:42","date_gmt":"2023-12-02T14:37:42","guid":{"rendered":"https:\/\/g4sistemas.com.br\/?page_id=481"},"modified":"2023-12-02T11:57:19","modified_gmt":"2023-12-02T14:57:19","slug":"valores","status":"publish","type":"page","link":"https:\/\/g4sistemas.com.br\/index.php\/valores\/","title":{"rendered":"Valores"},"content":{"rendered":"\n<p><\/p>\n\n\n\n<figure class=\"wp-block-table is-style-stripes\"><table><tbody><tr><td><strong>Produto<\/strong><\/td><td class=\"has-text-align-center\" data-align=\"center\"><strong>OBS<\/strong><\/td><td><strong>Valor<\/strong><\/td><\/tr><tr><td>somente Emissor SAT(CF-e)<\/td><td class=\"has-text-align-center\" data-align=\"center\"> suporte remoto ou presencial em S\u00e3o Miguel Arcanjo-SP<\/td><td>R$ 73,00 mensais<\/td><\/tr><tr><td>somente Emissor NF-e<\/td><td class=\"has-text-align-center\" data-align=\"center\">suporte remoto ou presencial em S\u00e3o Miguel Arcanjo-SP<\/td><td>R$ 57,00 mensais<\/td><\/tr><tr><td>Sistema completo (Estoque, Pagar\/Receber e v\u00e1rios mecanismos de gest\u00e3o)<\/td><td class=\"has-text-align-center\" data-align=\"center\">suporte remoto ou presencial em S\u00e3o Miguel Arcanjo-SP<\/td><td>R$ 140,00 mensais<\/td><\/tr><tr><td>Sistema com controle de comandas (para bares\/restaurantes)<\/td><td class=\"has-text-align-center\" data-align=\"center\">suporte remoto ou presencial em S\u00e3o Miguel Arcanjo-SP<\/td><td>R$ 180,00 mensais<\/td><\/tr><tr><td>Sistema com card\u00e1pio online integrado com iFood + PDV<\/td><td class=\"has-text-align-center\" data-align=\"center\">suporte remoto ou presencial em S\u00e3o Miguel Arcanjo-SP<\/td><td>R$ 250,00 mensais<\/td><\/tr><tr><td>Sistema com controle de Ordem de Servi\u00e7os<\/td><td class=\"has-text-align-center\" data-align=\"center\">suporte remoto ou presencial em S\u00e3o Miguel Arcanjo-SP<\/td><td>R$ 180,00 mensais<\/td><\/tr><tr><td>Instala\u00e7\u00e3o do sistema e libera\u00e7\u00e3o da chave de uso<\/td><td class=\"has-text-align-center\" data-align=\"center\">Remoto ou presencial em S\u00e3o Miguel Arcanjo-SP<\/td><td>R$ 350,00 (valor \u00fanico)<\/td><\/tr><tr><td>Produtos dispon\u00edveis na se\u00e7\u00e3o Downloads<\/td><td class=\"has-text-align-center\" data-align=\"center\">Suporte remoto<\/td><td>\u00e0 combinar<\/td><\/tr><tr><td>Para servi\u00e7os espec\u00edficos como: desenvolvimento, migra\u00e7\u00e3o de dados e outros fora da lista acima<\/td><td class=\"has-text-align-center\" data-align=\"center\"><\/td><td>\u00e0 combinar<\/td><\/tr><\/tbody><\/table><\/figure>\n","protected":false},"excerpt":{"rendered":"<p>Produto OBS Valor somente Emissor SAT(CF-e) suporte remoto ou presencial em S\u00e3o Miguel Arcanjo-SP R$ 73,00 mensais somente Emissor NF-e suporte remoto ou presencial em S\u00e3o Miguel Arcanjo-SP R$ 57,00 mensais Sistema completo (Estoque, Pagar\/Receber e v\u00e1rios mecanismos de gest\u00e3o) suporte remoto ou presencial em S\u00e3o Miguel Arcanjo-SP R$ 140,00 mensais Sistema com controle de [&hellip;]<\/p>\n","protected":false},"author":1,"featured_media":0,"parent":0,"menu_order":0,"comment_status":"closed","ping_status":"closed","template":"","meta":{"om_disable_all_campaigns":false,"_monsterinsights_skip_tracking":false,"_monsterinsights_sitenote_active":false,"_monsterinsights_sitenote_note":"","_monsterinsights_sitenote_category":0,"footnotes":""},"class_list":["post-481","page","type-page","status-publish","hentry"],"aioseo_notices":[],"_links":{"self":[{"href":"https:\/\/g4sistemas.com.br\/index.php\/wp-json\/wp\/v2\/pages\/481","targetHints":{"allow":["GET"]}}],"collection":[{"href":"https:\/\/g4sistemas.com.br\/index.php\/wp-json\/wp\/v2\/pages"}],"about":[{"href":"https:\/\/g4sistemas.com.br\/index.php\/wp-json\/wp\/v2\/types\/page"}],"author":[{"embeddable":true,"href":"https:\/\/g4sistemas.com.br\/index.php\/wp-json\/wp\/v2\/users\/1"}],"replies":[{"embeddable":true,"href":"https:\/\/g4sistemas.com.br\/index.php\/wp-json\/wp\/v2\/comments?post=481"}],"version-history":[{"count":8,"href":"https:\/\/g4sistemas.com.br\/index.php\/wp-json\/wp\/v2\/pages\/481\/revisions"}],"predecessor-version":[{"id":497,"href":"https:\/\/g4sistemas.com.br\/index.php\/wp-json\/wp\/v2\/pages\/481\/revisions\/497"}],"wp:attachment":[{"href":"https:\/\/g4sistemas.com.br\/index.php\/wp-json\/wp\/v2\/media?parent=481"}],"curies":[{"name":"wp","href":"https:\/\/api.w.org\/{rel}","templated":true}]}}