{"id":231,"date":"2023-10-06T16:26:28","date_gmt":"2023-10-06T19:26:28","guid":{"rendered":"https:\/\/g4sistemas.com.br\/?page_id=231"},"modified":"2025-01-23T10:22:01","modified_gmt":"2025-01-23T13:22:01","slug":"produtos-parceiros","status":"publish","type":"page","link":"https:\/\/g4sistemas.com.br\/index.php\/produtos-parceiros\/","title":{"rendered":"Produtos parceiros"},"content":{"rendered":"\n<h2 class=\"wp-block-heading has-text-align-center\"><strong>Produtos Parceiros<\/strong> &#8211; G4 Sistemas<\/h2>\n\n\n\n<p><\/p>\n\n\n<style type='text\/css'><\/style><div class=\"rt-container-fluid rt-wpls\" id=\"rt-container-12989264\" data-sc-id=\"341\"><div class=\"rt-row grid-layout \"  ><div class='rt-col-md-6 rt-col-sm-6 rt-col-xs-12'><div><div class='single-logo-container'><a href='https:\/\/home.gplustogo.com.br\/' target=\"_blank\"><img loading=\"lazy\" decoding=\"async\" width=\"700\" height=\"816\" src=\"https:\/\/g4sistemas.com.br\/wp-content\/uploads\/2023\/10\/GPLUS_700x816.jpg\" class=\"wls-logo\" alt=\"\" title=\"Parceria com GPLUS\" \/><\/a><\/div><\/div><\/div><div class='rt-col-md-6 rt-col-sm-6 rt-col-xs-12'><div><div class='single-logo-container'><a href='https:\/\/sgbr.com.br\/' target=\"_blank\"><img loading=\"lazy\" decoding=\"async\" width=\"700\" height=\"816\" src=\"https:\/\/g4sistemas.com.br\/wp-content\/uploads\/2023\/10\/SGBR_700x816.png\" class=\"wls-logo\" alt=\"\" title=\"Parceria com a G4 Sistemas\" \/><\/a><\/div><\/div><\/div><\/div><\/div>\n\n\n\n<h1 class=\"wp-block-heading has-text-align-center\"><strong>SGBR <\/strong>Sistemas<\/h1>\n\n\n\n<p><\/p>\n\n\n\n<figure class=\"wp-block-image size-large\"><img loading=\"lazy\" decoding=\"async\" width=\"1024\" height=\"202\" src=\"https:\/\/g4sistemas.com.br\/wp-content\/uploads\/2023\/12\/image-2-1024x202.png\" alt=\"\" class=\"wp-image-498\" srcset=\"https:\/\/g4sistemas.com.br\/wp-content\/uploads\/2023\/12\/image-2-1024x202.png 1024w, https:\/\/g4sistemas.com.br\/wp-content\/uploads\/2023\/12\/image-2-300x59.png 300w, https:\/\/g4sistemas.com.br\/wp-content\/uploads\/2023\/12\/image-2-768x152.png 768w, https:\/\/g4sistemas.com.br\/wp-content\/uploads\/2023\/12\/image-2-1536x303.png 1536w, https:\/\/g4sistemas.com.br\/wp-content\/uploads\/2023\/12\/image-2.png 1590w\" sizes=\"auto, (max-width: 1024px) 100vw, 1024px\" \/><\/figure>\n\n\n\n<p><\/p>\n\n\n\n<p><strong>A SGBR\u00ae<\/strong> oferece, na especializa\u00e7\u00e3o em automa\u00e7\u00e3o comercial, maior efici\u00eancia e agilidade para empresas do com\u00e9rcio em geral com o sistema SG Master que atende os tr\u00eas regimes tribut\u00e1rios: Simples Nacional, Lucro Real e Lucro Presumido.<\/p>\n\n\n\n<p>Um sistema completo e interativo que automatiza suas tarefas e integra diferentes \u00e1reas do seu neg\u00f3cio. O SG Master \u00e9 a ferramenta ideal para ajudar a sua empresa crescer de forma correta, cumprindo toda a legisla\u00e7\u00e3o vigente. Atende micro, pequenos e m\u00e9dios estabelecimentos comerciais de forma assertiva, suprindo suas principais necessidades, automatizando as rotinas di\u00e1rias e apoiando na gest\u00e3o do neg\u00f3cio.<\/p>\n\n\n\n<p><\/p>\n\n\n\n<p><\/p>\n\n\n\n<h1 class=\"wp-block-heading has-text-align-center\"><strong>GPLUS<\/strong><\/h1>\n\n\n\n<p>Especialistas em Sistemas para&nbsp;Restaurantes, fast-foods. <\/p>\n\n\n\n<p>Atende aos seguintes segmentos:<\/p>\n\n\n<div class=\"wp-block-image\">\n<figure class=\"aligncenter size-full\"><img loading=\"lazy\" decoding=\"async\" width=\"729\" height=\"317\" src=\"https:\/\/g4sistemas.com.br\/wp-content\/uploads\/2023\/12\/image-1.png\" alt=\"\" class=\"wp-image-470\" srcset=\"https:\/\/g4sistemas.com.br\/wp-content\/uploads\/2023\/12\/image-1.png 729w, https:\/\/g4sistemas.com.br\/wp-content\/uploads\/2023\/12\/image-1-300x130.png 300w\" sizes=\"auto, (max-width: 729px) 100vw, 729px\" \/><\/figure>\n<\/div>\n\n\n<p><strong>Utilit\u00e1rios para SGBR<\/strong><\/p>\n\n\n\n<div class=\"wp-block-group\"><div class=\"wp-block-group__inner-container is-layout-constrained wp-block-group-is-layout-constrained\">\n<p>Abaixo link para um programa utilit\u00e1rio que auxilia na atualiza\u00e7\u00e3o do c\u00f3digo de barras, crie uma pasta dentro da pasta &#8220;C:\\SGBR\\&#8221; e coloque como &#8220;AtuCodBarras&#8221; e baixe e descompacte o &#8220;zip&#8221; abaixo<\/p>\n\n\n\n<p><a href=\"https:\/\/g4sistemas.com.br\/sistemas\/ProjetoAtualizarCodBarras.zip\" title=\"\">Ajuda corrigir c\u00f3digo de barras<\/a><\/p>\n\n\n\n<p><\/p>\n<\/div><\/div>\n","protected":false},"excerpt":{"rendered":"<p>Produtos Parceiros &#8211; G4 Sistemas SGBR Sistemas A SGBR\u00ae oferece, na especializa\u00e7\u00e3o em automa\u00e7\u00e3o comercial, maior efici\u00eancia e agilidade para empresas do com\u00e9rcio em geral com o sistema SG Master que atende os tr\u00eas regimes tribut\u00e1rios: Simples Nacional, Lucro Real e Lucro Presumido. Um sistema completo e interativo que automatiza suas tarefas e integra diferentes [&hellip;]<\/p>\n","protected":false},"author":1,"featured_media":0,"parent":0,"menu_order":0,"comment_status":"closed","ping_status":"closed","template":"","meta":{"om_disable_all_campaigns":false,"_monsterinsights_skip_tracking":false,"_monsterinsights_sitenote_active":false,"_monsterinsights_sitenote_note":"","_monsterinsights_sitenote_category":0,"footnotes":""},"class_list":["post-231","page","type-page","status-publish","hentry"],"aioseo_notices":[],"_links":{"self":[{"href":"https:\/\/g4sistemas.com.br\/index.php\/wp-json\/wp\/v2\/pages\/231","targetHints":{"allow":["GET"]}}],"collection":[{"href":"https:\/\/g4sistemas.com.br\/index.php\/wp-json\/wp\/v2\/pages"}],"about":[{"href":"https:\/\/g4sistemas.com.br\/index.php\/wp-json\/wp\/v2\/types\/page"}],"author":[{"embeddable":true,"href":"https:\/\/g4sistemas.com.br\/index.php\/wp-json\/wp\/v2\/users\/1"}],"replies":[{"embeddable":true,"href":"https:\/\/g4sistemas.com.br\/index.php\/wp-json\/wp\/v2\/comments?post=231"}],"version-history":[{"count":19,"href":"https:\/\/g4sistemas.com.br\/index.php\/wp-json\/wp\/v2\/pages\/231\/revisions"}],"predecessor-version":[{"id":1020,"href":"https:\/\/g4sistemas.com.br\/index.php\/wp-json\/wp\/v2\/pages\/231\/revisions\/1020"}],"wp:attachment":[{"href":"https:\/\/g4sistemas.com.br\/index.php\/wp-json\/wp\/v2\/media?parent=231"}],"curies":[{"name":"wp","href":"https:\/\/api.w.org\/{rel}","templated":true}]}}