{"id":170,"date":"2023-10-05T12:39:49","date_gmt":"2023-10-05T15:39:49","guid":{"rendered":"https:\/\/g4sistemas.com.br\/?page_id=170"},"modified":"2023-11-28T14:30:44","modified_gmt":"2023-11-28T17:30:44","slug":"ordem-de-servico","status":"publish","type":"page","link":"https:\/\/g4sistemas.com.br\/index.php\/ordem-de-servico\/","title":{"rendered":"Ordem de Servi\u00e7o"},"content":{"rendered":"\n<p>O programa desenvolvido \u00e9 uma ferramenta especializada para atender \u00e0s necessidades das pequenas oficinas de assist\u00eancia t\u00e9cnica de celulares e tablets. Suas principais caracter\u00edsticas incluem:<\/p>\n\n\n\n<ol class=\"wp-block-list\">\n<li><strong>Emiss\u00e3o de Ordem de Servi\u00e7o (OS):<\/strong> O software permite a cria\u00e7\u00e3o de ordens de servi\u00e7o em formato padr\u00e3o, otimizado para ocupar metade de uma folha de sulfite. Al\u00e9m disso, oferece a op\u00e7\u00e3o de imprimir as OS em uma impressora t\u00e9rmica de 80mm, proporcionando flexibilidade na escolha do formato.<\/li>\n\n\n\n<li><strong>Tela de Vendas:<\/strong> O programa oferece uma interface intuitiva de tela de vendas, que facilita o registro e o acompanhamento de transa\u00e7\u00f5es relacionadas a servi\u00e7os de assist\u00eancia t\u00e9cnica. Isso torna o processo de venda mais eficiente e organizado.<\/li>\n\n\n\n<li><strong>Controle de Estoque:<\/strong> Uma caracter\u00edstica essencial \u00e9 a capacidade de controlar o estoque de pe\u00e7as e componentes utilizados nas assist\u00eancias t\u00e9cnicas. O software realiza baixas autom\u00e1ticas no estoque \u00e0 medida que os produtos s\u00e3o utilizados nas ordens de servi\u00e7o, garantindo um controle preciso e evitando problemas de falta de estoque.<\/li>\n\n\n\n<li><strong>Entrada Manual de Produtos:<\/strong> Al\u00e9m da baixa autom\u00e1tica de estoque, o programa tamb\u00e9m oferece a funcionalidade de entrada manual de produtos. Isso permite que os operadores atualizem o estoque manualmente quando novos produtos ou componentes s\u00e3o adquiridos ou recebidos.<\/li>\n<\/ol>\n\n\n\n<p class=\"has-text-align-center\">Em resumo, esse programa \u00e9 uma solu\u00e7\u00e3o completa e pr\u00e1tica para pequenas oficinas de assist\u00eancia t\u00e9cnica de celulares e tablets. Ele simplifica o processo de emiss\u00e3o de ordens de servi\u00e7o, oferece controle de estoque e uma interface de vendas amig\u00e1vel, tudo projetado para atender \u00e0s necessidades espec\u00edficas desses estabelecimentos. A op\u00e7\u00e3o de impress\u00e3o em impressoras t\u00e9rmicas e a entrada manual de produtos adicionam versatilidade e efici\u00eancia \u00e0 opera\u00e7\u00e3o da oficina.<\/p>\n\n\n\n<p><\/p>\n\n\n<div class=\"wp-block-image\">\n<figure class=\"aligncenter size-full\"><img loading=\"lazy\" decoding=\"async\" width=\"178\" height=\"331\" src=\"https:\/\/g4sistemas.com.br\/wp-content\/uploads\/2023\/10\/image-9.png\" alt=\"\" class=\"wp-image-171\" srcset=\"https:\/\/g4sistemas.com.br\/wp-content\/uploads\/2023\/10\/image-9.png 178w, https:\/\/g4sistemas.com.br\/wp-content\/uploads\/2023\/10\/image-9-161x300.png 161w\" sizes=\"auto, (max-width: 178px) 100vw, 178px\" \/><\/figure>\n<\/div>\n\n\n<p><\/p>\n\n\n<div class=\"wp-block-image\">\n<figure class=\"aligncenter size-full is-resized\"><img loading=\"lazy\" decoding=\"async\" width=\"299\" height=\"239\" src=\"https:\/\/g4sistemas.com.br\/wp-content\/uploads\/2023\/10\/image-10.png\" alt=\"\" class=\"wp-image-172\" style=\"width:299px;height:239px\"\/><\/figure>\n<\/div>\n\n\n<p><\/p>\n\n\n<div class=\"wp-block-image\">\n<figure class=\"aligncenter size-full\"><img loading=\"lazy\" decoding=\"async\" width=\"736\" height=\"643\" src=\"https:\/\/g4sistemas.com.br\/wp-content\/uploads\/2023\/10\/image-11.png\" alt=\"\" class=\"wp-image-173\" srcset=\"https:\/\/g4sistemas.com.br\/wp-content\/uploads\/2023\/10\/image-11.png 736w, https:\/\/g4sistemas.com.br\/wp-content\/uploads\/2023\/10\/image-11-300x262.png 300w\" sizes=\"auto, (max-width: 736px) 100vw, 736px\" \/><\/figure>\n<\/div>\n\n\n<p><\/p>\n\n\n<div class=\"wp-block-image\">\n<figure class=\"aligncenter size-large\"><img loading=\"lazy\" decoding=\"async\" width=\"1024\" height=\"814\" src=\"https:\/\/g4sistemas.com.br\/wp-content\/uploads\/2023\/10\/image-12-1024x814.png\" alt=\"\" class=\"wp-image-174\" srcset=\"https:\/\/g4sistemas.com.br\/wp-content\/uploads\/2023\/10\/image-12-1024x814.png 1024w, https:\/\/g4sistemas.com.br\/wp-content\/uploads\/2023\/10\/image-12-300x238.png 300w, https:\/\/g4sistemas.com.br\/wp-content\/uploads\/2023\/10\/image-12-768x610.png 768w, https:\/\/g4sistemas.com.br\/wp-content\/uploads\/2023\/10\/image-12.png 1062w\" sizes=\"auto, (max-width: 1024px) 100vw, 1024px\" \/><\/figure>\n<\/div>\n\n\n<p><\/p>\n\n\n<div class=\"wp-block-image\">\n<figure class=\"aligncenter size-full\"><img loading=\"lazy\" decoding=\"async\" width=\"583\" height=\"353\" src=\"https:\/\/g4sistemas.com.br\/wp-content\/uploads\/2023\/10\/image-13.png\" alt=\"\" class=\"wp-image-175\" srcset=\"https:\/\/g4sistemas.com.br\/wp-content\/uploads\/2023\/10\/image-13.png 583w, https:\/\/g4sistemas.com.br\/wp-content\/uploads\/2023\/10\/image-13-300x182.png 300w\" sizes=\"auto, (max-width: 583px) 100vw, 583px\" \/><\/figure>\n<\/div>\n\n\n<p><\/p>\n\n\n<div class=\"wp-block-image\">\n<figure class=\"aligncenter size-full\"><img loading=\"lazy\" decoding=\"async\" width=\"571\" height=\"239\" src=\"https:\/\/g4sistemas.com.br\/wp-content\/uploads\/2023\/10\/image-14.png\" alt=\"\" class=\"wp-image-176\" srcset=\"https:\/\/g4sistemas.com.br\/wp-content\/uploads\/2023\/10\/image-14.png 571w, https:\/\/g4sistemas.com.br\/wp-content\/uploads\/2023\/10\/image-14-300x126.png 300w\" sizes=\"auto, (max-width: 571px) 100vw, 571px\" \/><\/figure>\n<\/div>\n\n\n<p><\/p>\n\n\n<div class=\"wp-block-image\">\n<figure class=\"aligncenter size-full\"><img loading=\"lazy\" decoding=\"async\" width=\"653\" height=\"367\" src=\"https:\/\/g4sistemas.com.br\/wp-content\/uploads\/2023\/10\/image-15.png\" alt=\"\" class=\"wp-image-177\" srcset=\"https:\/\/g4sistemas.com.br\/wp-content\/uploads\/2023\/10\/image-15.png 653w, https:\/\/g4sistemas.com.br\/wp-content\/uploads\/2023\/10\/image-15-300x169.png 300w\" sizes=\"auto, (max-width: 653px) 100vw, 653px\" \/><\/figure>\n<\/div>\n\n\n<p><\/p>\n\n\n<div class=\"wp-block-image\">\n<figure class=\"aligncenter size-full is-resized\"><img loading=\"lazy\" decoding=\"async\" width=\"307\" height=\"192\" src=\"https:\/\/g4sistemas.com.br\/wp-content\/uploads\/2023\/10\/image-16.png\" alt=\"\" class=\"wp-image-178\" style=\"width:307px;height:192px\" srcset=\"https:\/\/g4sistemas.com.br\/wp-content\/uploads\/2023\/10\/image-16.png 307w, https:\/\/g4sistemas.com.br\/wp-content\/uploads\/2023\/10\/image-16-300x188.png 300w\" sizes=\"auto, (max-width: 307px) 100vw, 307px\" \/><\/figure>\n<\/div>\n\n\n<p><\/p>\n\n\n<div class=\"wp-block-image\">\n<figure class=\"aligncenter size-full\"><img loading=\"lazy\" decoding=\"async\" width=\"540\" height=\"510\" src=\"https:\/\/g4sistemas.com.br\/wp-content\/uploads\/2023\/10\/image-17.png\" alt=\"\" class=\"wp-image-179\" srcset=\"https:\/\/g4sistemas.com.br\/wp-content\/uploads\/2023\/10\/image-17.png 540w, https:\/\/g4sistemas.com.br\/wp-content\/uploads\/2023\/10\/image-17-300x283.png 300w\" sizes=\"auto, (max-width: 540px) 100vw, 540px\" \/><\/figure>\n<\/div>\n\n\n<p><\/p>\n\n\n<div class=\"wp-block-image\">\n<figure class=\"aligncenter size-full is-resized\"><img loading=\"lazy\" decoding=\"async\" width=\"232\" height=\"292\" src=\"https:\/\/g4sistemas.com.br\/wp-content\/uploads\/2023\/10\/image-18.png\" alt=\"\" class=\"wp-image-180\" style=\"width:243px;height:306px\"\/><\/figure>\n<\/div>\n\n\n<p><\/p>\n\n\n<div class=\"wp-block-image\">\n<figure class=\"aligncenter size-full\"><img loading=\"lazy\" decoding=\"async\" width=\"751\" height=\"460\" src=\"https:\/\/g4sistemas.com.br\/wp-content\/uploads\/2023\/10\/image-19.png\" alt=\"\" class=\"wp-image-181\" srcset=\"https:\/\/g4sistemas.com.br\/wp-content\/uploads\/2023\/10\/image-19.png 751w, https:\/\/g4sistemas.com.br\/wp-content\/uploads\/2023\/10\/image-19-300x184.png 300w\" sizes=\"auto, (max-width: 751px) 100vw, 751px\" \/><\/figure>\n<\/div>\n\n\n<p><\/p>\n\n\n<div class=\"wp-block-image\">\n<figure class=\"aligncenter size-large\"><img loading=\"lazy\" decoding=\"async\" width=\"1024\" height=\"722\" src=\"https:\/\/g4sistemas.com.br\/wp-content\/uploads\/2023\/10\/image-20-1024x722.png\" alt=\"\" class=\"wp-image-182\" srcset=\"https:\/\/g4sistemas.com.br\/wp-content\/uploads\/2023\/10\/image-20-1024x722.png 1024w, https:\/\/g4sistemas.com.br\/wp-content\/uploads\/2023\/10\/image-20-300x211.png 300w, https:\/\/g4sistemas.com.br\/wp-content\/uploads\/2023\/10\/image-20-768x541.png 768w, https:\/\/g4sistemas.com.br\/wp-content\/uploads\/2023\/10\/image-20.png 1128w\" sizes=\"auto, (max-width: 1024px) 100vw, 1024px\" \/><\/figure>\n<\/div>\n\n\n<p><\/p>\n\n\n<div class=\"wp-block-image\">\n<figure class=\"aligncenter size-full\"><img loading=\"lazy\" decoding=\"async\" width=\"222\" height=\"283\" src=\"https:\/\/g4sistemas.com.br\/wp-content\/uploads\/2023\/10\/image-21.png\" alt=\"\" class=\"wp-image-183\"\/><\/figure>\n<\/div>\n\n\n<p><\/p>\n\n\n<div class=\"wp-block-image\">\n<figure class=\"aligncenter size-large\"><img loading=\"lazy\" decoding=\"async\" width=\"1024\" height=\"810\" src=\"https:\/\/g4sistemas.com.br\/wp-content\/uploads\/2023\/10\/image-22-1024x810.png\" alt=\"\" class=\"wp-image-184\" srcset=\"https:\/\/g4sistemas.com.br\/wp-content\/uploads\/2023\/10\/image-22-1024x810.png 1024w, https:\/\/g4sistemas.com.br\/wp-content\/uploads\/2023\/10\/image-22-300x237.png 300w, https:\/\/g4sistemas.com.br\/wp-content\/uploads\/2023\/10\/image-22-768x608.png 768w, https:\/\/g4sistemas.com.br\/wp-content\/uploads\/2023\/10\/image-22.png 1059w\" sizes=\"auto, (max-width: 1024px) 100vw, 1024px\" \/><\/figure>\n<\/div>\n\n\n<div class=\"wp-block-buttons is-layout-flex wp-block-buttons-is-layout-flex\">\n<div class=\"wp-block-button\"><a class=\"wp-block-button__link wp-element-button\" href=\"https:\/\/g4sistemas.com.br\/sistemas\/OS_Setup.exe\">Download<\/a><\/div>\n<\/div>\n\n\n\n<div class=\"wp-block-buttons is-layout-flex wp-block-buttons-is-layout-flex\">\n<div class=\"wp-block-button\"><a class=\"wp-block-button__link wp-element-button\">Vers\u00f5es atualizadas do execut\u00e1vel<\/a><\/div>\n<\/div>\n\n\n\n<p>Instala\u00e7\u00e3o:<\/p>\n\n\n\n<p>Ap\u00f3s baixar o arquivo clique com o bot\u00e3o direito sobre o arquivo e em seguida clique em &#8220;Executar como Administrador&#8221;<\/p>\n\n\n<div class=\"wp-block-image\">\n<figure class=\"aligncenter size-full\"><img loading=\"lazy\" decoding=\"async\" width=\"517\" height=\"272\" src=\"https:\/\/g4sistemas.com.br\/wp-content\/uploads\/2023\/10\/image-43.png\" alt=\"\" class=\"wp-image-246\" srcset=\"https:\/\/g4sistemas.com.br\/wp-content\/uploads\/2023\/10\/image-43.png 517w, https:\/\/g4sistemas.com.br\/wp-content\/uploads\/2023\/10\/image-43-300x158.png 300w\" sizes=\"auto, (max-width: 517px) 100vw, 517px\" \/><\/figure>\n<\/div>\n\n<div class=\"wp-block-image\">\n<figure class=\"aligncenter size-full is-resized\"><img loading=\"lazy\" decoding=\"async\" width=\"598\" height=\"462\" src=\"https:\/\/g4sistemas.com.br\/wp-content\/uploads\/2023\/10\/image-44.png\" alt=\"\" class=\"wp-image-249\" style=\"width:598px;height:462px\" srcset=\"https:\/\/g4sistemas.com.br\/wp-content\/uploads\/2023\/10\/image-44.png 598w, https:\/\/g4sistemas.com.br\/wp-content\/uploads\/2023\/10\/image-44-300x232.png 300w\" sizes=\"auto, (max-width: 598px) 100vw, 598px\" \/><\/figure>\n<\/div>\n\n\n<p><\/p>\n\n\n<div class=\"wp-block-image\">\n<figure class=\"aligncenter size-full\"><img loading=\"lazy\" decoding=\"async\" width=\"599\" height=\"465\" src=\"https:\/\/g4sistemas.com.br\/wp-content\/uploads\/2023\/10\/image-45.png\" alt=\"\" class=\"wp-image-251\" srcset=\"https:\/\/g4sistemas.com.br\/wp-content\/uploads\/2023\/10\/image-45.png 599w, https:\/\/g4sistemas.com.br\/wp-content\/uploads\/2023\/10\/image-45-300x233.png 300w\" sizes=\"auto, (max-width: 599px) 100vw, 599px\" \/><\/figure>\n<\/div>\n\n\n<p><\/p>\n\n\n<div class=\"wp-block-image\">\n<figure class=\"aligncenter size-full\"><img loading=\"lazy\" decoding=\"async\" width=\"597\" height=\"462\" src=\"https:\/\/g4sistemas.com.br\/wp-content\/uploads\/2023\/10\/image-46.png\" alt=\"\" class=\"wp-image-253\" srcset=\"https:\/\/g4sistemas.com.br\/wp-content\/uploads\/2023\/10\/image-46.png 597w, https:\/\/g4sistemas.com.br\/wp-content\/uploads\/2023\/10\/image-46-300x232.png 300w\" sizes=\"auto, (max-width: 597px) 100vw, 597px\" \/><\/figure>\n<\/div>\n\n\n<p>Nas pr\u00f3ximas telas basta dar continuidade clicando em Sim e finalizando a instala\u00e7\u00e3o !<\/p>\n\n\n\n<p>Em caso de algum <strong>erro <\/strong>(devido \u00e0 alguma vers\u00e3o do Windows ) ao executar, proceda da seguinte maneira.<\/p>\n\n\n\n<p>Clique com o bot\u00e3o direito do mouse sobre o \u00edcone do sistema<\/p>\n\n\n\n<p><\/p>\n\n\n<div class=\"wp-block-image\">\n<figure class=\"aligncenter size-full\"><img loading=\"lazy\" decoding=\"async\" width=\"187\" height=\"504\" src=\"https:\/\/g4sistemas.com.br\/wp-content\/uploads\/2023\/10\/image-47.png\" alt=\"\" class=\"wp-image-258\" srcset=\"https:\/\/g4sistemas.com.br\/wp-content\/uploads\/2023\/10\/image-47.png 187w, https:\/\/g4sistemas.com.br\/wp-content\/uploads\/2023\/10\/image-47-111x300.png 111w\" sizes=\"auto, (max-width: 187px) 100vw, 187px\" \/><\/figure>\n<\/div>\n\n<div class=\"wp-block-image\">\n<figure class=\"aligncenter size-full\"><img loading=\"lazy\" decoding=\"async\" width=\"225\" height=\"100\" src=\"https:\/\/g4sistemas.com.br\/wp-content\/uploads\/2023\/10\/image-48.png\" alt=\"\" class=\"wp-image-259\"\/><\/figure>\n<\/div>\n\n\n<p>siga os passos abaixo<\/p>\n\n\n<div class=\"wp-block-image\">\n<figure class=\"aligncenter size-full\"><img loading=\"lazy\" decoding=\"async\" width=\"411\" height=\"526\" src=\"https:\/\/g4sistemas.com.br\/wp-content\/uploads\/2023\/10\/image-49.png\" alt=\"\" class=\"wp-image-260\" srcset=\"https:\/\/g4sistemas.com.br\/wp-content\/uploads\/2023\/10\/image-49.png 411w, https:\/\/g4sistemas.com.br\/wp-content\/uploads\/2023\/10\/image-49-234x300.png 234w\" sizes=\"auto, (max-width: 411px) 100vw, 411px\" \/><\/figure>\n<\/div>\n\n\n<p>siga novamente os passos abaixo<\/p>\n\n\n<div class=\"wp-block-image\">\n<figure class=\"aligncenter size-full\"><img loading=\"lazy\" decoding=\"async\" width=\"356\" height=\"456\" src=\"https:\/\/g4sistemas.com.br\/wp-content\/uploads\/2023\/10\/image-50.png\" alt=\"\" class=\"wp-image-261\" srcset=\"https:\/\/g4sistemas.com.br\/wp-content\/uploads\/2023\/10\/image-50.png 356w, https:\/\/g4sistemas.com.br\/wp-content\/uploads\/2023\/10\/image-50-234x300.png 234w\" sizes=\"auto, (max-width: 356px) 100vw, 356px\" \/><\/figure>\n<\/div>\n\n\n<p>em seguida clique em OK, depois em Aplicar e novamente em Ok<\/p>\n\n\n\n<p>Pronto ! Voc\u00ea j\u00e1 pode usar o programa !<\/p>\n\n\n\n<p>Para entrar use a usu\u00e1rio <strong>ADMIN  <\/strong>(mai\u00fascula) e  a senha <strong>odin<\/strong> (min\u00fascula)<\/p>\n\n\n<div class=\"wp-block-image\">\n<figure class=\"aligncenter size-full\"><img loading=\"lazy\" decoding=\"async\" width=\"302\" height=\"126\" src=\"https:\/\/g4sistemas.com.br\/wp-content\/uploads\/2023\/10\/image-51.png\" alt=\"\" class=\"wp-image-267\" srcset=\"https:\/\/g4sistemas.com.br\/wp-content\/uploads\/2023\/10\/image-51.png 302w, https:\/\/g4sistemas.com.br\/wp-content\/uploads\/2023\/10\/image-51-300x125.png 300w\" sizes=\"auto, (max-width: 302px) 100vw, 302px\" \/><\/figure>\n<\/div>\n\n\n<p>clique em OK e preencha a tela seguinte informando apenas seu CNPJ <\/p>\n\n\n<div class=\"wp-block-image\">\n<figure class=\"aligncenter size-full\"><img loading=\"lazy\" decoding=\"async\" width=\"653\" height=\"644\" src=\"https:\/\/g4sistemas.com.br\/wp-content\/uploads\/2023\/10\/image-52.png\" alt=\"\" class=\"wp-image-269\" srcset=\"https:\/\/g4sistemas.com.br\/wp-content\/uploads\/2023\/10\/image-52.png 653w, https:\/\/g4sistemas.com.br\/wp-content\/uploads\/2023\/10\/image-52-300x296.png 300w\" sizes=\"auto, (max-width: 653px) 100vw, 653px\" \/><\/figure>\n<\/div>\n\n\n<p>ao final clique em <strong>Salvar<\/strong>, o programa ir\u00e1 fechar e pode executar novamente !<\/p>\n\n\n\n<p>Links \u00fateis<\/p>\n\n\n\n<p><a href=\"https:\/\/www.fpqsystem.com.br\/ostecnica10_20.html\" title=\"\">Programa para assist\u00eancia t\u00e9cnica de celulares<\/a><\/p>\n\n\n\n<p><a href=\"http:\/\/www.mundomidiasoftwares.com.br\/software-loja-de-celulares-e-assistencia-tecnica-de-celulares\" title=\"\">Mundo m\u00eddia<\/a><\/p>\n","protected":false},"excerpt":{"rendered":"<p>O programa desenvolvido \u00e9 uma ferramenta especializada para atender \u00e0s necessidades das pequenas oficinas de assist\u00eancia t\u00e9cnica de celulares e tablets. Suas principais caracter\u00edsticas incluem: Em resumo, esse programa \u00e9 uma solu\u00e7\u00e3o completa e pr\u00e1tica para pequenas oficinas de assist\u00eancia t\u00e9cnica de celulares e tablets. Ele simplifica o processo de emiss\u00e3o de ordens de servi\u00e7o, [&hellip;]<\/p>\n","protected":false},"author":1,"featured_media":0,"parent":0,"menu_order":0,"comment_status":"closed","ping_status":"closed","template":"","meta":{"om_disable_all_campaigns":false,"_monsterinsights_skip_tracking":false,"_monsterinsights_sitenote_active":false,"_monsterinsights_sitenote_note":"","_monsterinsights_sitenote_category":0,"footnotes":""},"class_list":["post-170","page","type-page","status-publish","hentry"],"aioseo_notices":[],"_links":{"self":[{"href":"https:\/\/g4sistemas.com.br\/index.php\/wp-json\/wp\/v2\/pages\/170","targetHints":{"allow":["GET"]}}],"collection":[{"href":"https:\/\/g4sistemas.com.br\/index.php\/wp-json\/wp\/v2\/pages"}],"about":[{"href":"https:\/\/g4sistemas.com.br\/index.php\/wp-json\/wp\/v2\/types\/page"}],"author":[{"embeddable":true,"href":"https:\/\/g4sistemas.com.br\/index.php\/wp-json\/wp\/v2\/users\/1"}],"replies":[{"embeddable":true,"href":"https:\/\/g4sistemas.com.br\/index.php\/wp-json\/wp\/v2\/comments?post=170"}],"version-history":[{"count":19,"href":"https:\/\/g4sistemas.com.br\/index.php\/wp-json\/wp\/v2\/pages\/170\/revisions"}],"predecessor-version":[{"id":393,"href":"https:\/\/g4sistemas.com.br\/index.php\/wp-json\/wp\/v2\/pages\/170\/revisions\/393"}],"wp:attachment":[{"href":"https:\/\/g4sistemas.com.br\/index.php\/wp-json\/wp\/v2\/media?parent=170"}],"curies":[{"name":"wp","href":"https:\/\/api.w.org\/{rel}","templated":true}]}}