{"id":154,"date":"2023-10-05T10:28:21","date_gmt":"2023-10-05T13:28:21","guid":{"rendered":"https:\/\/g4sistemas.com.br\/?page_id=154"},"modified":"2024-03-21T14:53:21","modified_gmt":"2024-03-21T17:53:21","slug":"tickets-e-comandas","status":"publish","type":"page","link":"https:\/\/g4sistemas.com.br\/index.php\/tickets-e-comandas\/","title":{"rendered":"Tickets comandas Pequenos Bares, Adegas e Lanchonetes"},"content":{"rendered":"\n<p class=\"has-text-align-center\">O software denominado &#8220;Tickets e Comandas&#8221; foi desenvolvido para ser uma solu\u00e7\u00e3o vers\u00e1til projetada para atender \u00e0s necessidades de pequenos bares, adegas e lanchonetes. Ele oferece diversas funcionalidades importantes para esses estabelecimentos:<\/p>\n\n\n\n<ol class=\"wp-block-list\">\n<li><strong>Emiss\u00e3o de Tickets Pr\u00e9-Pagos:<\/strong> O software permite que os clientes comprem tickets pr\u00e9-pagos para consumo posterior. Isso facilita o pagamento e agiliza o atendimento.<\/li>\n\n\n\n<li><strong>Controle por Comandas:<\/strong> Os estabelecimentos podem gerenciar os pedidos dos clientes por meio de comandas, o que ajuda a organizar e controlar o consumo de cada mesa.<\/li>\n\n\n\n<li><strong>Pedidos por Celular:<\/strong> Os clientes t\u00eam a op\u00e7\u00e3o de fazer pedidos atrav\u00e9s de um aplicativo de celular. Esses pedidos s\u00e3o enviados diretamente para a cozinha e o bar, garantindo efici\u00eancia no servi\u00e7o.<\/li>\n\n\n\n<li><strong>Integra\u00e7\u00e3o com XML de Nota Fiscal:<\/strong> O software permite a entrada de produtos atrav\u00e9s da importa\u00e7\u00e3o de XML de Nota Fiscal. Isso simplifica o processo de atualiza\u00e7\u00e3o do estoque e o registro de compras.<\/li>\n\n\n\n<li><strong>Simplicidade:<\/strong> O aplicativo \u00e9 projetado com uma interface simples e amig\u00e1vel, tornando-o f\u00e1cil de usar para pequenos neg\u00f3cios que podem n\u00e3o ter recursos para treinamento extenso.<\/li>\n<\/ol>\n\n\n\n<p class=\"has-text-align-center\">Em resumo, esse software \u00e9 uma solu\u00e7\u00e3o completa para a gest\u00e3o de pequenos estabelecimentos de alimenta\u00e7\u00e3o e bebidas. Ele abrange desde a emiss\u00e3o de tickets pr\u00e9-pagos at\u00e9 o controle de pedidos por comandas e a integra\u00e7\u00e3o de dados de compras. Sua simplicidade torna-o uma op\u00e7\u00e3o atraente para pequenos empres\u00e1rios que buscam uma solu\u00e7\u00e3o eficiente e acess\u00edvel para gerenciar seus neg\u00f3cios.<\/p>\n\n\n\n<p>A id\u00e9ia \u00e9 a simplicidade portanto \u00e9 natural que o software possa n\u00e3o atender aos requisitos desejados<\/p>\n\n\n<div class=\"wp-block-image\">\n<figure class=\"aligncenter size-full\"><img loading=\"lazy\" decoding=\"async\" width=\"773\" height=\"733\" src=\"https:\/\/g4sistemas.com.br\/wp-content\/uploads\/2023\/10\/image.png\" alt=\"\" class=\"wp-image-158\" srcset=\"https:\/\/g4sistemas.com.br\/wp-content\/uploads\/2023\/10\/image.png 773w, https:\/\/g4sistemas.com.br\/wp-content\/uploads\/2023\/10\/image-300x284.png 300w, https:\/\/g4sistemas.com.br\/wp-content\/uploads\/2023\/10\/image-768x728.png 768w\" sizes=\"auto, (max-width: 773px) 100vw, 773px\" \/><figcaption class=\"wp-element-caption\">ENTER ou leitor de c\u00f3digo de barras carrega o produto<\/figcaption><\/figure>\n<\/div>\n\n\n<p><\/p>\n\n\n\n<p><\/p>\n\n\n<div class=\"wp-block-image\">\n<figure class=\"aligncenter size-full\"><img loading=\"lazy\" decoding=\"async\" width=\"777\" height=\"476\" src=\"https:\/\/g4sistemas.com.br\/wp-content\/uploads\/2023\/10\/image-1.png\" alt=\"\" class=\"wp-image-159\" srcset=\"https:\/\/g4sistemas.com.br\/wp-content\/uploads\/2023\/10\/image-1.png 777w, https:\/\/g4sistemas.com.br\/wp-content\/uploads\/2023\/10\/image-1-300x184.png 300w, https:\/\/g4sistemas.com.br\/wp-content\/uploads\/2023\/10\/image-1-768x470.png 768w\" sizes=\"auto, (max-width: 777px) 100vw, 777px\" \/><\/figure>\n<\/div>\n\n\n<p><\/p>\n\n\n<div class=\"wp-block-image\">\n<figure class=\"aligncenter size-full\"><img loading=\"lazy\" decoding=\"async\" width=\"228\" height=\"251\" src=\"https:\/\/g4sistemas.com.br\/wp-content\/uploads\/2023\/10\/image-2.png\" alt=\"\" class=\"wp-image-161\"\/><\/figure>\n<\/div>\n\n\n<p><\/p>\n\n\n<div class=\"wp-block-image\">\n<figure class=\"aligncenter size-full\"><img loading=\"lazy\" decoding=\"async\" width=\"623\" height=\"607\" src=\"https:\/\/g4sistemas.com.br\/wp-content\/uploads\/2023\/10\/image-3.png\" alt=\"\" class=\"wp-image-162\" srcset=\"https:\/\/g4sistemas.com.br\/wp-content\/uploads\/2023\/10\/image-3.png 623w, https:\/\/g4sistemas.com.br\/wp-content\/uploads\/2023\/10\/image-3-300x292.png 300w\" sizes=\"auto, (max-width: 623px) 100vw, 623px\" \/><\/figure>\n<\/div>\n\n\n<p><\/p>\n\n\n<div class=\"wp-block-image\">\n<figure class=\"aligncenter size-large\"><img loading=\"lazy\" decoding=\"async\" width=\"1024\" height=\"643\" src=\"https:\/\/g4sistemas.com.br\/wp-content\/uploads\/2023\/10\/image-4-1024x643.png\" alt=\"\" class=\"wp-image-163\" srcset=\"https:\/\/g4sistemas.com.br\/wp-content\/uploads\/2023\/10\/image-4-1024x643.png 1024w, https:\/\/g4sistemas.com.br\/wp-content\/uploads\/2023\/10\/image-4-300x188.png 300w, https:\/\/g4sistemas.com.br\/wp-content\/uploads\/2023\/10\/image-4-768x482.png 768w, https:\/\/g4sistemas.com.br\/wp-content\/uploads\/2023\/10\/image-4.png 1180w\" sizes=\"auto, (max-width: 1024px) 100vw, 1024px\" \/><\/figure>\n<\/div>\n\n\n<p><\/p>\n\n\n<div class=\"wp-block-image\">\n<figure class=\"aligncenter size-full\"><img loading=\"lazy\" decoding=\"async\" width=\"388\" height=\"533\" src=\"https:\/\/g4sistemas.com.br\/wp-content\/uploads\/2023\/10\/image-5.png\" alt=\"\" class=\"wp-image-164\" srcset=\"https:\/\/g4sistemas.com.br\/wp-content\/uploads\/2023\/10\/image-5.png 388w, https:\/\/g4sistemas.com.br\/wp-content\/uploads\/2023\/10\/image-5-218x300.png 218w\" sizes=\"auto, (max-width: 388px) 100vw, 388px\" \/><\/figure>\n<\/div>\n\n\n<p><\/p>\n\n\n<div class=\"wp-block-image\">\n<figure class=\"aligncenter size-full\"><img loading=\"lazy\" decoding=\"async\" width=\"972\" height=\"609\" src=\"https:\/\/g4sistemas.com.br\/wp-content\/uploads\/2023\/10\/image-6.png\" alt=\"\" class=\"wp-image-165\" srcset=\"https:\/\/g4sistemas.com.br\/wp-content\/uploads\/2023\/10\/image-6.png 972w, https:\/\/g4sistemas.com.br\/wp-content\/uploads\/2023\/10\/image-6-300x188.png 300w, https:\/\/g4sistemas.com.br\/wp-content\/uploads\/2023\/10\/image-6-768x481.png 768w\" sizes=\"auto, (max-width: 972px) 100vw, 972px\" \/><\/figure>\n<\/div>\n\n\n<p><\/p>\n\n\n\n<div class=\"wp-block-cover aligncenter\"><span aria-hidden=\"true\" class=\"wp-block-cover__background has-background-dim\"><\/span><img loading=\"lazy\" decoding=\"async\" width=\"509\" height=\"406\" class=\"wp-block-cover__image-background wp-image-166\" alt=\"\" src=\"https:\/\/g4sistemas.com.br\/wp-content\/uploads\/2023\/10\/image-7.png\" data-object-fit=\"cover\" srcset=\"https:\/\/g4sistemas.com.br\/wp-content\/uploads\/2023\/10\/image-7.png 509w, https:\/\/g4sistemas.com.br\/wp-content\/uploads\/2023\/10\/image-7-300x239.png 300w\" sizes=\"auto, (max-width: 509px) 100vw, 509px\" \/><div class=\"wp-block-cover__inner-container is-layout-flow wp-block-cover-is-layout-flow\">\n<p class=\"has-text-align-center has-large-font-size\"><\/p>\n<\/div><\/div>\n\n\n\n<p><\/p>\n\n\n<div class=\"wp-block-image\">\n<figure class=\"aligncenter size-full is-resized\"><img loading=\"lazy\" decoding=\"async\" width=\"768\" height=\"1024\" src=\"https:\/\/g4sistemas.com.br\/wp-content\/uploads\/2023\/11\/Comanda-no-tablet.jpg\" alt=\"\" class=\"wp-image-411\" style=\"width:442px;height:auto\" srcset=\"https:\/\/g4sistemas.com.br\/wp-content\/uploads\/2023\/11\/Comanda-no-tablet.jpg 768w, https:\/\/g4sistemas.com.br\/wp-content\/uploads\/2023\/11\/Comanda-no-tablet-225x300.jpg 225w\" sizes=\"auto, (max-width: 768px) 100vw, 768px\" \/><\/figure>\n<\/div>\n\n<div class=\"wp-block-image\">\n<figure class=\"aligncenter size-full\"><img loading=\"lazy\" decoding=\"async\" width=\"300\" height=\"189\" src=\"https:\/\/g4sistemas.com.br\/wp-content\/uploads\/2023\/10\/image-8.png\" alt=\"\" class=\"wp-image-168\"\/><\/figure>\n<\/div>\n\n\n<div class=\"wp-block-buttons is-layout-flex wp-block-buttons-is-layout-flex\">\n<div class=\"wp-block-button\"><a class=\"wp-block-button__link wp-element-button\" href=\"https:\/\/g4sistemas.com.br\/sistemas\/Versoes_Tickets\/Instalar_Ticket.exe\">Download<\/a><\/div>\n<\/div>\n\n\n\n<p>* A vers\u00e3o para o app mobile est\u00e1 ainda no android 8, procure utilizar um aparelho nessa vers\u00e3o do Android<\/p>\n\n\n\n<div class=\"wp-block-buttons is-layout-flex wp-block-buttons-is-layout-flex\">\n<div class=\"wp-block-button\"><a class=\"wp-block-button__link wp-element-button\" href=\"https:\/\/g4sistemas.com.br\/sistemas\/Versoes_Tickets\/Comanda.apk\">Mobile<\/a><\/div>\n<\/div>\n\n\n\n<p>Vers\u00f5es dos execut\u00e1veis<\/p>\n\n\n\n<p><a href=\"https:\/\/www.beerpassclub.com\/blog\/ticket-medio-para-restaurantes-e-bares\/\" title=\"\">Tickets m\u00e9dios para bares e restaurantes saiba com calcular<\/a><\/p>\n\n\n\n<p><a href=\"https:\/\/g4sistemas.com.br\/sistemas\/Versoes_Tickets\/Retaguarda.exe\" title=\"\">Retaguarda vers\u00e3o atual<\/a><\/p>\n\n\n\n<p><a href=\"https:\/\/g4sistemas.com.br\/sistemas\/Versoes_Tickets\/Comanda.exe\" title=\"\">Comanda vers\u00e3o atual<\/a><\/p>\n\n\n\n<p><a href=\"https:\/\/g4sistemas.com.br\/sistemas\/Versoes_Tickets\/Ticket.exe\" title=\"\">Emissor de Ticket vers\u00e3o atual<\/a><\/p>\n\n\n\n<p><a href=\"https:\/\/g4sistemas.com.br\/sistemas\/Versoes_Tickets\/Servidor.exe\" title=\"\">Servidor mobile vers\u00e3o atual<\/a><\/p>\n\n\n\n<p><\/p>\n\n\n\n<p><\/p>\n","protected":false},"excerpt":{"rendered":"<p>O software denominado &#8220;Tickets e Comandas&#8221; foi desenvolvido para ser uma solu\u00e7\u00e3o vers\u00e1til projetada para atender \u00e0s necessidades de pequenos bares, adegas e lanchonetes. Ele oferece diversas funcionalidades importantes para esses estabelecimentos: Em resumo, esse software \u00e9 uma solu\u00e7\u00e3o completa para a gest\u00e3o de pequenos estabelecimentos de alimenta\u00e7\u00e3o e bebidas. Ele abrange desde a emiss\u00e3o [&hellip;]<\/p>\n","protected":false},"author":1,"featured_media":0,"parent":0,"menu_order":0,"comment_status":"closed","ping_status":"closed","template":"","meta":{"om_disable_all_campaigns":false,"_monsterinsights_skip_tracking":false,"_monsterinsights_sitenote_active":false,"_monsterinsights_sitenote_note":"","_monsterinsights_sitenote_category":0,"footnotes":""},"class_list":["post-154","page","type-page","status-publish","hentry"],"aioseo_notices":[],"_links":{"self":[{"href":"https:\/\/g4sistemas.com.br\/index.php\/wp-json\/wp\/v2\/pages\/154","targetHints":{"allow":["GET"]}}],"collection":[{"href":"https:\/\/g4sistemas.com.br\/index.php\/wp-json\/wp\/v2\/pages"}],"about":[{"href":"https:\/\/g4sistemas.com.br\/index.php\/wp-json\/wp\/v2\/types\/page"}],"author":[{"embeddable":true,"href":"https:\/\/g4sistemas.com.br\/index.php\/wp-json\/wp\/v2\/users\/1"}],"replies":[{"embeddable":true,"href":"https:\/\/g4sistemas.com.br\/index.php\/wp-json\/wp\/v2\/comments?post=154"}],"version-history":[{"count":24,"href":"https:\/\/g4sistemas.com.br\/index.php\/wp-json\/wp\/v2\/pages\/154\/revisions"}],"predecessor-version":[{"id":613,"href":"https:\/\/g4sistemas.com.br\/index.php\/wp-json\/wp\/v2\/pages\/154\/revisions\/613"}],"wp:attachment":[{"href":"https:\/\/g4sistemas.com.br\/index.php\/wp-json\/wp\/v2\/media?parent=154"}],"curies":[{"name":"wp","href":"https:\/\/api.w.org\/{rel}","templated":true}]}}